{"id":36,"date":"2023-06-30T23:23:00","date_gmt":"2023-06-30T22:23:00","guid":{"rendered":"https:\/\/juanfalguera.com\/?page_id=36"},"modified":"2023-06-30T23:23:01","modified_gmt":"2023-06-30T22:23:01","slug":"reviews","status":"publish","type":"page","link":"https:\/\/juanfalguera.com\/index.php\/reviews\/","title":{"rendered":"Reviews"},"content":{"rendered":"\n<p>\u201cI have learn a lot from Juan specially poster and movement functioning of the vocal cords to perfect my voice as well and variest techniques of vocal training. I am happy to be working with him\u201d \u2014 <strong><em>Freshun B<\/em><\/strong><\/p>\n\n\n\n<p>\u201cHe really cares about his students, he doesn\u2019t miss a day, he always ask you. He is a really good teacher. Im glad to meet him\u201d \u2014<strong>Baran H<\/strong><\/p>\n\n\n\n<p>\u201cExcellent teacher! He has all the patience in the world and helps you develop your own voice and security. It accompanies you at every step, you don\u2019t want to miss a class, they are dynamic, different and original. Guaranteed learning, super recommended! The best good vibes. :)\u201d \u2014<strong>Brian F<\/strong><\/p>\n\n\n\n<p>\u201cJuan Manuel taught me breathing and muscle techniques and I immediately improved my tone and control. I am looking forward to learning new techniques\u201d \u2014 <strong>Virginia M<\/strong><\/p>\n\n\n\n<p>\u201cI have been a student of Juan Manuel for five years. He is an excellent teacher, I took face-to-face and currently virtual classes. He provides a space where to learn, always listening to the needs that each one goes through in different stages. Supported by the rabine method, it guides you towards a better performance when singing, with clear guidelines that allow you to organize and optimize your voice.\u201d \u2014 <strong>Julie D<\/strong><\/p>\n\n\n\n<p>\u201cSuper recomendable!! Juan te gua en lo prctico y lo terico\u2026 El mtodo de enseanza es super ameno, se adapta a todas las voces!! Desde que arranque hace casi tres aos todo el tiempo aprendo cosas nuevas. Se disfruta mucho el espacio que te brinda.(Translated by Google)Super recommendable! Juan guides you in the practical and the theoretical \u2026 The teaching method is super pleasant, it adapts to all voices !! Since I started almost three years ago all the time I learn new things. You really enjoy the space it offers you.\u201d \u2014 <strong>Adri Diaz<\/strong><\/p>\n\n\n\n<p>\u201cMuy lindas clases. Se trabaja mucho el autoconocimiento. Al inicio de la clase la voz es una cosa y al finalizar la clase es otra.(Translated by Google)Very nice classes. Self-knowledge is very much worked. At the beginning of the class the voice is one thing and at the end of the class is another.\u201d \u2014 <strong>Mar\u00eda Eugenia B<\/strong><\/p>\n\n\n\n<p>\u201cSon muy dinmicas las clases. Juan tiene una gran paciencia y predisposicin en todo momento.(Translated by Google)The classes are very dynamic. Juan has a great patience and predisposition at all times.\u201d \u2014 <strong>Paz M<\/strong><\/p>\n\n\n\n<p>\u201cJuan es un excelente profe de canto y guitarra. El mtodo funcional de la voz es genial. Me super enormemente a m misma en mi capacidad vocal desde que tomo clases con l. Cantar hace bien, genera endorfinas, serotonina, oxitocina y dopamina, neurotransmisores indispensables del bienestar. S de lo que hablo. Soy biloga. Recomiendo a Juan ampliamente, como profe para todas las edades.(Translated by Google)Juan is an excellent teacher of singing and guitar. The functional method of the voice is great. I greatly surpassed myself in my vocal ability since I took classes with him. Singing does well, generates endorphins, serotonin, oxytocin and dopamine, essential neurotransmitters of well-being. I know what I\u2019m talking about. I\u2019m a biologist. I recommend Juan widely, as a teacher for all ages.\u201d \u2014 <strong>Irene W<\/strong><\/p>\n\n\n\n<p>\u201cHace 3 a\u00f1os que tomo clases con Juan , 3 a\u00f1os de aprendizaje puro donde mi voz y respiraci\u00f3n fueron evolucionando d\u00eda a d\u00eda lo recomiendo 100 % .(Translated by Google)3 years ago that I take classes with Juan, 3 years of pure learning where my voice and breathing were evolving day by day I recommend 100%.\u201d \u2014 <strong>Andres P<\/strong><\/p>\n","protected":false},"excerpt":{"rendered":"<p>\u201cI have learn a lot from Juan specially poster and movement functioning of the vocal cords to perfect my voice as well and variest techniques of vocal training. I am happy to be working with him\u201d \u2014 Freshun B \u201cHe really cares about his students, he doesn\u2019t miss a day, he always ask you. He [&hellip;]<\/p>\n","protected":false},"author":1,"featured_media":0,"parent":0,"menu_order":0,"comment_status":"closed","ping_status":"closed","template":"","meta":{"om_disable_all_campaigns":false,"_monsterinsights_skip_tracking":false,"_monsterinsights_sitenote_active":false,"_monsterinsights_sitenote_note":"","_monsterinsights_sitenote_category":0,"site-sidebar-layout":"default","site-content-layout":"","ast-site-content-layout":"default","site-content-style":"default","site-sidebar-style":"default","ast-global-header-display":"","ast-banner-title-visibility":"","ast-main-header-display":"","ast-hfb-above-header-display":"","ast-hfb-below-header-display":"","ast-hfb-mobile-header-display":"","site-post-title":"","ast-breadcrumbs-content":"","ast-featured-img":"","footer-sml-layout":"","ast-disable-related-posts":"","theme-transparent-header-meta":"","adv-header-id-meta":"","stick-header-meta":"","header-above-stick-meta":"","header-main-stick-meta":"","header-below-stick-meta":"","astra-migrate-meta-layouts":"default","ast-page-background-enabled":"default","ast-page-background-meta":{"desktop":{"background-color":"var(--ast-global-color-4)","background-image":"","background-repeat":"repeat","background-position":"center center","background-size":"auto","background-attachment":"scroll","background-type":"","background-media":"","overlay-type":"","overlay-color":"","overlay-opacity":"","overlay-gradient":""},"tablet":{"background-color":"","background-image":"","background-repeat":"repeat","background-position":"center center","background-size":"auto","background-attachment":"scroll","background-type":"","background-media":"","overlay-type":"","overlay-color":"","overlay-opacity":"","overlay-gradient":""},"mobile":{"background-color":"","background-image":"","background-repeat":"repeat","background-position":"center center","background-size":"auto","background-attachment":"scroll","background-type":"","background-media":"","overlay-type":"","overlay-color":"","overlay-opacity":"","overlay-gradient":""}},"ast-content-background-meta":{"desktop":{"background-color":"var(--ast-global-color-5)","background-image":"","background-repeat":"repeat","background-position":"center center","background-size":"auto","background-attachment":"scroll","background-type":"","background-media":"","overlay-type":"","overlay-color":"","overlay-opacity":"","overlay-gradient":""},"tablet":{"background-color":"var(--ast-global-color-5)","background-image":"","background-repeat":"repeat","background-position":"center center","background-size":"auto","background-attachment":"scroll","background-type":"","background-media":"","overlay-type":"","overlay-color":"","overlay-opacity":"","overlay-gradient":""},"mobile":{"background-color":"var(--ast-global-color-5)","background-image":"","background-repeat":"repeat","background-position":"center center","background-size":"auto","background-attachment":"scroll","background-type":"","background-media":"","overlay-type":"","overlay-color":"","overlay-opacity":"","overlay-gradient":""}},"footnotes":""},"class_list":["post-36","page","type-page","status-publish","hentry"],"aioseo_notices":[],"_links":{"self":[{"href":"https:\/\/juanfalguera.com\/index.php\/wp-json\/wp\/v2\/pages\/36","targetHints":{"allow":["GET"]}}],"collection":[{"href":"https:\/\/juanfalguera.com\/index.php\/wp-json\/wp\/v2\/pages"}],"about":[{"href":"https:\/\/juanfalguera.com\/index.php\/wp-json\/wp\/v2\/types\/page"}],"author":[{"embeddable":true,"href":"https:\/\/juanfalguera.com\/index.php\/wp-json\/wp\/v2\/users\/1"}],"replies":[{"embeddable":true,"href":"https:\/\/juanfalguera.com\/index.php\/wp-json\/wp\/v2\/comments?post=36"}],"version-history":[{"count":1,"href":"https:\/\/juanfalguera.com\/index.php\/wp-json\/wp\/v2\/pages\/36\/revisions"}],"predecessor-version":[{"id":37,"href":"https:\/\/juanfalguera.com\/index.php\/wp-json\/wp\/v2\/pages\/36\/revisions\/37"}],"wp:attachment":[{"href":"https:\/\/juanfalguera.com\/index.php\/wp-json\/wp\/v2\/media?parent=36"}],"curies":[{"name":"wp","href":"https:\/\/api.w.org\/{rel}","templated":true}]}}